{"id":989771,"date":"2023-03-16T13:53:25","date_gmt":"2023-03-16T13:53:25","guid":{"rendered":"https:\/\/chabasgroup.com\/policies-and-privacy\/"},"modified":"2023-08-31T14:43:33","modified_gmt":"2023-08-31T14:43:33","slug":"policies-and-privacy","status":"publish","type":"page","link":"https:\/\/chabas.pt\/en\/policies-and-privacy\/","title":{"rendered":"Policies and Privacy"},"content":{"rendered":"\t\t<div data-elementor-type=\"wp-page\" data-elementor-id=\"989771\" class=\"elementor elementor-989771 elementor-1646\" data-elementor-post-type=\"page\">\n\t\t\t\t\t\t<section class=\"elementor-section elementor-top-section elementor-element elementor-element-e37aa05 elementor-section-boxed elementor-section-height-default elementor-section-height-default\" data-id=\"e37aa05\" data-element_type=\"section\" data-e-type=\"section\">\n\t\t\t\t\t\t<div class=\"elementor-container elementor-column-gap-default\">\n\t\t\t\t\t<div class=\"elementor-column elementor-col-100 elementor-top-column elementor-element elementor-element-8b3e74f\" data-id=\"8b3e74f\" data-element_type=\"column\" data-e-type=\"column\">\n\t\t\t<div class=\"elementor-widget-wrap elementor-element-populated\">\n\t\t\t\t\t\t<div class=\"elementor-element elementor-element-80298dd animated-slow elementor-invisible elementor-widget elementor-widget-heading\" data-id=\"80298dd\" data-element_type=\"widget\" data-e-type=\"widget\" data-settings=\"{&quot;_animation&quot;:&quot;fadeIn&quot;,&quot;_animation_tablet&quot;:&quot;none&quot;}\" data-widget_type=\"heading.default\">\n\t\t\t\t<div class=\"elementor-widget-container\">\n\t\t\t\t\t<h1 class=\"elementor-heading-title elementor-size-default\">Policies and Privacy <\/h1>\t\t\t\t<\/div>\n\t\t\t\t<\/div>\n\t\t\t\t<div class=\"elementor-element elementor-element-76d638f animated-slow elementor-invisible elementor-widget elementor-widget-heading\" data-id=\"76d638f\" data-element_type=\"widget\" data-e-type=\"widget\" data-settings=\"{&quot;_animation&quot;:&quot;fadeIn&quot;,&quot;_animation_tablet&quot;:&quot;none&quot;,&quot;_animation_delay&quot;:300}\" data-widget_type=\"heading.default\">\n\t\t\t\t<div class=\"elementor-widget-container\">\n\t\t\t\t\t<p class=\"elementor-heading-title elementor-size-default\">https:\/\/chabas.pt\/<\/p>\t\t\t\t<\/div>\n\t\t\t\t<\/div>\n\t\t\t\t<div class=\"elementor-element elementor-element-fed2f21 elementor-widget elementor-widget-spacer\" data-id=\"fed2f21\" data-element_type=\"widget\" data-e-type=\"widget\" data-widget_type=\"spacer.default\">\n\t\t\t\t<div class=\"elementor-widget-container\">\n\t\t\t\t\t\t\t<div class=\"elementor-spacer\">\n\t\t\t<div class=\"elementor-spacer-inner\"><\/div>\n\t\t<\/div>\n\t\t\t\t\t\t<\/div>\n\t\t\t\t<\/div>\n\t\t\t\t\t<\/div>\n\t\t<\/div>\n\t\t\t\t\t<\/div>\n\t\t<\/section>\n\t\t\t\t<section class=\"elementor-section elementor-top-section elementor-element elementor-element-3d75cf2 elementor-section-boxed elementor-section-height-default elementor-section-height-default\" data-id=\"3d75cf2\" data-element_type=\"section\" data-e-type=\"section\">\n\t\t\t\t\t\t<div class=\"elementor-container elementor-column-gap-no\">\n\t\t\t\t\t<div class=\"elementor-column elementor-col-100 elementor-top-column elementor-element elementor-element-2636055\" data-id=\"2636055\" data-element_type=\"column\" data-e-type=\"column\">\n\t\t\t<div class=\"elementor-widget-wrap elementor-element-populated\">\n\t\t\t\t\t\t<div class=\"elementor-element elementor-element-ade2499 elementor-widget elementor-widget-text-editor\" data-id=\"ade2499\" data-element_type=\"widget\" data-e-type=\"widget\" data-widget_type=\"text-editor.default\">\n\t\t\t\t<div class=\"elementor-widget-container\">\n\t\t\t\t\t\t\t\t\t<p>This Privacy Policy describes the policies of CHABAS UNIPESSOAL LDA, located at Rua dos Lus\u00edadas, Edif\u00edcio Alc\u00e2ntara Palace 9, Lisboa 1300-365, Portugal, email: <a href=\"mailto:info@chabas.pt\" target=\"_blank\" rel=\"noopener\">info@chabas.pt<\/a>, phone: +351 21 1230263, regarding the collection, use, and disclosure of your information when you use our website (https:\/\/chabas.pt\/), the &#8220;Service.&#8221;<\/p>\n<p>By accessing or using the Service, you consent to the collection, use, and disclosure of your information in accordance with this Privacy Policy. If you do not agree with this policy, please do not access or use the Service.<\/p>\n<p>We may modify this Privacy Policy at any time without prior notice to you, and we will publish the revised Privacy Policy on the Service.<\/p>\n<p>The revised policy will be effective 180 days from when the revised policy is posted on the Service, and your continued access or use of the Service after that time will constitute your acceptance of the revised Privacy Policy.<\/p>\n<p>We recommend, therefore, that you review this page periodically.<\/p>\n\t\t\t\t\t\t\t\t<\/div>\n\t\t\t\t<\/div>\n\t\t\t\t<div class=\"elementor-element elementor-element-4fb569b elementor-widget elementor-widget-heading\" data-id=\"4fb569b\" data-element_type=\"widget\" data-e-type=\"widget\" data-widget_type=\"heading.default\">\n\t\t\t\t<div class=\"elementor-widget-container\">\n\t\t\t\t\t<h3 class=\"elementor-heading-title elementor-size-default\">How we use your information:<\/h3>\t\t\t\t<\/div>\n\t\t\t\t<\/div>\n\t\t\t\t<div class=\"elementor-element elementor-element-54805d6 elementor-widget elementor-widget-text-editor\" data-id=\"54805d6\" data-element_type=\"widget\" data-e-type=\"widget\" data-widget_type=\"text-editor.default\">\n\t\t\t\t<div class=\"elementor-widget-container\">\n\t\t\t\t\t\t\t\t\tWe will use the information we collect about you for the following purposes:\n<ul>\n \t<li>Marketing\/Promotional<\/li>\n \t<li>Targeted Advertising<\/li>\n<\/ul>\n\nIf we want to use your information for any other purpose, we will request your consent and use your information only after receiving your consent, and only for the purpose(s) for which you grant consent, unless we are required to do otherwise by law. \t\t\t\t\t\t\t\t<\/div>\n\t\t\t\t<\/div>\n\t\t\t\t<div class=\"elementor-element elementor-element-1e72e60 elementor-widget elementor-widget-heading\" data-id=\"1e72e60\" data-element_type=\"widget\" data-e-type=\"widget\" data-widget_type=\"heading.default\">\n\t\t\t\t<div class=\"elementor-widget-container\">\n\t\t\t\t\t<h3 class=\"elementor-heading-title elementor-size-default\">How we share your information: <\/h3>\t\t\t\t<\/div>\n\t\t\t\t<\/div>\n\t\t\t\t<div class=\"elementor-element elementor-element-8e99d78 elementor-widget elementor-widget-text-editor\" data-id=\"8e99d78\" data-element_type=\"widget\" data-e-type=\"widget\" data-widget_type=\"text-editor.default\">\n\t\t\t\t<div class=\"elementor-widget-container\">\n\t\t\t\t\t\t\t\t\t<p>We will not transfer your personal information to any third party without seeking your consent, except in limited circumstances described below:<\/p>\n<ul>\n<li>Marketing agencies<\/li>\n<li>Analytics<\/li>\n<\/ul>\n<p>We require such third parties to use the personal information we transfer to them only for the purpose for which it was transferred and not to retain it for longer than necessary to fulfill the said purpose. We may also disclose your personal information for the following purposes: (1) to comply with applicable law, regulation, court order, or other legal process; (2) to enforce our agreements with you, including this Privacy Policy; or (3) to respond to claims that your use of the Service violates any third-party rights. If the Service or our company is merged or acquired by another company, your information will be one of the assets transferred to the new owner.<\/p>\n\t\t\t\t\t\t\t\t<\/div>\n\t\t\t\t<\/div>\n\t\t\t\t<div class=\"elementor-element elementor-element-e9ece0f elementor-widget elementor-widget-heading\" data-id=\"e9ece0f\" data-element_type=\"widget\" data-e-type=\"widget\" data-widget_type=\"heading.default\">\n\t\t\t\t<div class=\"elementor-widget-container\">\n\t\t\t\t\t<h3 class=\"elementor-heading-title elementor-size-default\">Your rights: <\/h3>\t\t\t\t<\/div>\n\t\t\t\t<\/div>\n\t\t\t\t<div class=\"elementor-element elementor-element-0aed36d elementor-widget elementor-widget-text-editor\" data-id=\"0aed36d\" data-element_type=\"widget\" data-e-type=\"widget\" data-widget_type=\"text-editor.default\">\n\t\t\t\t<div class=\"elementor-widget-container\">\n\t\t\t\t\t\t\t\t\t<p>Depending on the law that applies, you may have the right to access and rectify or erase your personal data or receive a copy of your personal data, restrict or object to the active processing of your data, ask us to share (port) your personal information to another entity, withdraw any consent you have given us to process your data, a right to lodge a complaint with a supervisory authority, and other rights that may be relevant under applicable laws.<\/p>\n<p>To exercise these rights, you can write to us at <a href=\"mailto:info@chabas.pt\" target=\"_blank\" rel=\"noopener\">info@chabas.pt<\/a>.<\/p>\n<p>We will respond to your request in accordance with applicable law. You can choose not to receive direct marketing communications or the profiling we perform for marketing purposes by writing to us at <a href=\"mailto:info@chabas.pt\" target=\"_blank\" rel=\"noopener\">info@chabas.pt<\/a>.<\/p>\n<p>Please note that if you do not allow us to collect or process the necessary personal information or withdraw consent to process it for the necessary purposes, you may not be able to access or use the services for which your information was requested.<\/p>\n\t\t\t\t\t\t\t\t<\/div>\n\t\t\t\t<\/div>\n\t\t\t\t<div class=\"elementor-element elementor-element-b24e80a elementor-widget elementor-widget-heading\" data-id=\"b24e80a\" data-element_type=\"widget\" data-e-type=\"widget\" data-widget_type=\"heading.default\">\n\t\t\t\t<div class=\"elementor-widget-container\">\n\t\t\t\t\t<h3 class=\"elementor-heading-title elementor-size-default\">Cookies etc. <\/h3>\t\t\t\t<\/div>\n\t\t\t\t<\/div>\n\t\t\t\t<div class=\"elementor-element elementor-element-bd93ee0 elementor-widget elementor-widget-text-editor\" data-id=\"bd93ee0\" data-element_type=\"widget\" data-e-type=\"widget\" data-widget_type=\"text-editor.default\">\n\t\t\t\t<div class=\"elementor-widget-container\">\n\t\t\t\t\t\t\t\t\t<p>To learn more about how we use these and your choices regarding these tracking technologies, please refer to our Cookie Policy. <\/p>\n\t\t\t\t\t\t\t\t<\/div>\n\t\t\t\t<\/div>\n\t\t\t\t<div class=\"elementor-element elementor-element-fd9dede elementor-widget elementor-widget-heading\" data-id=\"fd9dede\" data-element_type=\"widget\" data-e-type=\"widget\" data-widget_type=\"heading.default\">\n\t\t\t\t<div class=\"elementor-widget-container\">\n\t\t\t\t\t<h3 class=\"elementor-heading-title elementor-size-default\">Security:<\/h3>\t\t\t\t<\/div>\n\t\t\t\t<\/div>\n\t\t\t\t<div class=\"elementor-element elementor-element-e67c2b4 elementor-widget elementor-widget-text-editor\" data-id=\"e67c2b4\" data-element_type=\"widget\" data-e-type=\"widget\" data-widget_type=\"text-editor.default\">\n\t\t\t\t<div class=\"elementor-widget-container\">\n\t\t\t\t\t\t\t\t\t<p><span style=\"font-weight: 400;\">The security of your information is important to us, and we will use reasonable security measures to prevent the loss, misuse, or unauthorized alteration of your information under our control. However, given the inherent risks, we cannot guarantee absolute security, and therefore, we cannot guarantee or warrant the security of any information you transmit to us, and you do so at your own risk. <\/span><\/p>\n\t\t\t\t\t\t\t\t<\/div>\n\t\t\t\t<\/div>\n\t\t\t\t<div class=\"elementor-element elementor-element-37ba5a5 elementor-widget elementor-widget-heading\" data-id=\"37ba5a5\" data-element_type=\"widget\" data-e-type=\"widget\" data-widget_type=\"heading.default\">\n\t\t\t\t<div class=\"elementor-widget-container\">\n\t\t\t\t\t<h3 class=\"elementor-heading-title elementor-size-default\">Complaint\/Data Protection Authority: <\/h3>\t\t\t\t<\/div>\n\t\t\t\t<\/div>\n\t\t\t\t<div class=\"elementor-element elementor-element-0ed375b elementor-widget elementor-widget-text-editor\" data-id=\"0ed375b\" data-element_type=\"widget\" data-e-type=\"widget\" data-widget_type=\"text-editor.default\">\n\t\t\t\t<div class=\"elementor-widget-container\">\n\t\t\t\t\t\t\t\t\t<p>If you have any questions or concerns about the processing of your information that is available with us, you can send an email to our Complaints Officer at CHABAS UNIPESSOAL LDA, Rua dos Lus\u00edadas, Edif\u00edcio Alc\u00e2ntara Palace 9, email: info@chabas.pt. We will address your concerns in accordance with applicable law.<\/p>\n\t\t\t\t\t\t\t\t<\/div>\n\t\t\t\t<\/div>\n\t\t\t\t\t<\/div>\n\t\t<\/div>\n\t\t\t\t\t<\/div>\n\t\t<\/section>\n\t\t\t\t<\/div>\n\t\t","protected":false},"excerpt":{"rendered":"<p>Policies and Privacy CHABAS &#8211; Innovating businesses with sustainable solutions and intelligent processes. This Privacy Policy describes the policies of CHABAS UNIPESSOAL LDA, located at Rua dos Lus\u00edadas, Edif\u00edcio Alc\u00e2ntara Palace 9, Lisboa 1300-365, Portugal, email: info@chabas.pt, phone: +351 21 1230263, regarding the collection, use, and disclosure of your information when you use our website&#8230;<\/p>\n","protected":false},"author":2,"featured_media":0,"parent":0,"menu_order":0,"comment_status":"closed","ping_status":"closed","template":"","meta":{"footnotes":""},"class_list":["post-989771","page","type-page","status-publish","hentry"],"_links":{"self":[{"href":"https:\/\/chabas.pt\/en\/wp-json\/wp\/v2\/pages\/989771","targetHints":{"allow":["GET"]}}],"collection":[{"href":"https:\/\/chabas.pt\/en\/wp-json\/wp\/v2\/pages"}],"about":[{"href":"https:\/\/chabas.pt\/en\/wp-json\/wp\/v2\/types\/page"}],"author":[{"embeddable":true,"href":"https:\/\/chabas.pt\/en\/wp-json\/wp\/v2\/users\/2"}],"replies":[{"embeddable":true,"href":"https:\/\/chabas.pt\/en\/wp-json\/wp\/v2\/comments?post=989771"}],"version-history":[{"count":5,"href":"https:\/\/chabas.pt\/en\/wp-json\/wp\/v2\/pages\/989771\/revisions"}],"predecessor-version":[{"id":989897,"href":"https:\/\/chabas.pt\/en\/wp-json\/wp\/v2\/pages\/989771\/revisions\/989897"}],"wp:attachment":[{"href":"https:\/\/chabas.pt\/en\/wp-json\/wp\/v2\/media?parent=989771"}],"curies":[{"name":"wp","href":"https:\/\/api.w.org\/{rel}","templated":true}]}}