{"id":991333,"date":"2023-03-16T13:53:25","date_gmt":"2023-03-16T13:53:25","guid":{"rendered":"https:\/\/chabasgroup.com\/politicas-y-privacidad\/"},"modified":"2024-04-04T17:26:07","modified_gmt":"2024-04-04T16:26:07","slug":"politicas-y-privacidad","status":"publish","type":"page","link":"https:\/\/chabas.pt\/es-co\/politicas-y-privacidad\/","title":{"rendered":"Pol\u00edticas y Privacidad"},"content":{"rendered":"\t\t<div data-elementor-type=\"wp-page\" data-elementor-id=\"991333\" class=\"elementor elementor-991333 elementor-1646\" data-elementor-post-type=\"page\">\n\t\t\t\t\t\t<section class=\"elementor-section elementor-top-section elementor-element elementor-element-e37aa05 elementor-section-boxed elementor-section-height-default elementor-section-height-default\" data-id=\"e37aa05\" data-element_type=\"section\" data-e-type=\"section\">\n\t\t\t\t\t\t<div class=\"elementor-container elementor-column-gap-default\">\n\t\t\t\t\t<div class=\"elementor-column elementor-col-100 elementor-top-column elementor-element elementor-element-8b3e74f\" data-id=\"8b3e74f\" data-element_type=\"column\" data-e-type=\"column\">\n\t\t\t<div class=\"elementor-widget-wrap elementor-element-populated\">\n\t\t\t\t\t\t<div class=\"elementor-element elementor-element-80298dd animated-slow elementor-invisible elementor-widget elementor-widget-heading\" data-id=\"80298dd\" data-element_type=\"widget\" data-e-type=\"widget\" data-settings=\"{&quot;_animation&quot;:&quot;fadeIn&quot;,&quot;_animation_tablet&quot;:&quot;none&quot;}\" data-widget_type=\"heading.default\">\n\t\t\t\t<div class=\"elementor-widget-container\">\n\t\t\t\t\t<h1 class=\"elementor-heading-title elementor-size-default\">Pol\u00edticas y Privacidad <\/h1>\t\t\t\t<\/div>\n\t\t\t\t<\/div>\n\t\t\t\t<div class=\"elementor-element elementor-element-76d638f animated-slow elementor-invisible elementor-widget elementor-widget-heading\" data-id=\"76d638f\" data-element_type=\"widget\" data-e-type=\"widget\" data-settings=\"{&quot;_animation&quot;:&quot;fadeIn&quot;,&quot;_animation_tablet&quot;:&quot;none&quot;,&quot;_animation_delay&quot;:300}\" data-widget_type=\"heading.default\">\n\t\t\t\t<div class=\"elementor-widget-container\">\n\t\t\t\t\t<p class=\"elementor-heading-title elementor-size-default\">https:\/\/chabas.pt\/<\/p>\t\t\t\t<\/div>\n\t\t\t\t<\/div>\n\t\t\t\t<div class=\"elementor-element elementor-element-fed2f21 elementor-widget elementor-widget-spacer\" data-id=\"fed2f21\" data-element_type=\"widget\" data-e-type=\"widget\" data-widget_type=\"spacer.default\">\n\t\t\t\t<div class=\"elementor-widget-container\">\n\t\t\t\t\t\t\t<div class=\"elementor-spacer\">\n\t\t\t<div class=\"elementor-spacer-inner\"><\/div>\n\t\t<\/div>\n\t\t\t\t\t\t<\/div>\n\t\t\t\t<\/div>\n\t\t\t\t\t<\/div>\n\t\t<\/div>\n\t\t\t\t\t<\/div>\n\t\t<\/section>\n\t\t\t\t<section class=\"elementor-section elementor-top-section elementor-element elementor-element-3d75cf2 elementor-section-boxed elementor-section-height-default elementor-section-height-default\" data-id=\"3d75cf2\" data-element_type=\"section\" data-e-type=\"section\">\n\t\t\t\t\t\t<div class=\"elementor-container elementor-column-gap-no\">\n\t\t\t\t\t<div class=\"elementor-column elementor-col-100 elementor-top-column elementor-element elementor-element-2636055\" data-id=\"2636055\" data-element_type=\"column\" data-e-type=\"column\">\n\t\t\t<div class=\"elementor-widget-wrap elementor-element-populated\">\n\t\t\t\t\t\t<div class=\"elementor-element elementor-element-ade2499 elementor-widget elementor-widget-text-editor\" data-id=\"ade2499\" data-element_type=\"widget\" data-e-type=\"widget\" data-widget_type=\"text-editor.default\">\n\t\t\t\t<div class=\"elementor-widget-container\">\n\t\t\t\t\t\t\t\t\t<p>Esta Pol\u00edtica de Privacidad describe las pol\u00edticas de CHABAS UNIPESSOAL LDA, con direcci\u00f3n en Rua dos Lus\u00edadas, Edif\u00edcio Alc\u00e2ntara Palace 9, Lisboa 1300-365, Portugal, correo electr\u00f3nico: <a href=\"mailto:info@chabas.pt\" target=\"_blank\" rel=\"noopener\">info@chabas.pt<\/a>, tel\u00e9fono: +351 21 1230263, sobre la recopilaci\u00f3n, uso y divulgaci\u00f3n de su informaci\u00f3n que recopilamos cuando utiliza nuestro sitio web (https:\/\/chabas.pt\/) (el &#8220;Servicio&#8221;).<\/p>\n<p>Al acceder o utilizar el Servicio, est\u00e1s dando tu consentimiento para la recopilaci\u00f3n, uso y divulgaci\u00f3n de tu informaci\u00f3n de acuerdo con esta Pol\u00edtica de Privacidad. Si no est\u00e1s de acuerdo con esto, por favor, no accedas ni utilices el servicio.<\/p>\n<p>Podemos modificar esta Pol\u00edtica de Privacidad en cualquier momento sin previo aviso y publicaremos la Pol\u00edtica de Privacidad revisada en el Servicio.<\/p>\n<p>La Pol\u00edtica revisada ser\u00e1 efectiva a partir de los 180 d\u00edas posteriores a la fecha en que la Pol\u00edtica revisada se publique en el Servicio, y tu acceso continuo o uso del Servicio despu\u00e9s de ese per\u00edodo constituir\u00e1 tu aceptaci\u00f3n de la Pol\u00edtica de Privacidad revisada.<\/p>\n<p>Por lo tanto, te recomendamos que revises esta p\u00e1gina peri\u00f3dicamente.<\/p>\n\t\t\t\t\t\t\t\t<\/div>\n\t\t\t\t<\/div>\n\t\t\t\t<div class=\"elementor-element elementor-element-4fb569b elementor-widget elementor-widget-heading\" data-id=\"4fb569b\" data-element_type=\"widget\" data-e-type=\"widget\" data-widget_type=\"heading.default\">\n\t\t\t\t<div class=\"elementor-widget-container\">\n\t\t\t\t\t<h3 class=\"elementor-heading-title elementor-size-default\">C\u00f3mo utilizamos su informaci\u00f3n:<\/h3>\t\t\t\t<\/div>\n\t\t\t\t<\/div>\n\t\t\t\t<div class=\"elementor-element elementor-element-54805d6 elementor-widget elementor-widget-text-editor\" data-id=\"54805d6\" data-element_type=\"widget\" data-e-type=\"widget\" data-widget_type=\"text-editor.default\">\n\t\t\t\t<div class=\"elementor-widget-container\">\n\t\t\t\t\t\t\t\t\tUtilizaremos la informaci\u00f3n que recopilamos sobre ti para los siguientes prop\u00f3sitos:\n<ul>\n \t<li>Marketing\/Promocional<\/li>\n \t<li>Publicidad Dirigida<\/li>\n<\/ul>\n\nSi deseamos utilizar tu informaci\u00f3n para cualquier otro prop\u00f3sito, solicitaremos tu consentimiento y utilizaremos tu informaci\u00f3n solo despu\u00e9s de recibir tu consentimiento, y solo para el o los prop\u00f3sitos para los cuales hayas otorgado el consentimiento, a menos que estemos obligados a hacer lo contrario por ley. \t\t\t\t\t\t\t\t<\/div>\n\t\t\t\t<\/div>\n\t\t\t\t<div class=\"elementor-element elementor-element-1e72e60 elementor-widget elementor-widget-heading\" data-id=\"1e72e60\" data-element_type=\"widget\" data-e-type=\"widget\" data-widget_type=\"heading.default\">\n\t\t\t\t<div class=\"elementor-widget-container\">\n\t\t\t\t\t<h3 class=\"elementor-heading-title elementor-size-default\">C\u00f3mo compartimos tu informaci\u00f3n: <\/h3>\t\t\t\t<\/div>\n\t\t\t\t<\/div>\n\t\t\t\t<div class=\"elementor-element elementor-element-8e99d78 elementor-widget elementor-widget-text-editor\" data-id=\"8e99d78\" data-element_type=\"widget\" data-e-type=\"widget\" data-widget_type=\"text-editor.default\">\n\t\t\t\t<div class=\"elementor-widget-container\">\n\t\t\t\t\t\t\t\t\t<p>No transferiremos tu informaci\u00f3n personal a terceros sin obtener tu consentimiento, excepto en circunstancias limitadas descritas a continuaci\u00f3n:<\/p>\n<ul>\n<li>Agencias de marketing<\/li>\n<li>Analytics<\/li>\n<\/ul>\n<p>Exigimos que dichos terceros utilicen la informaci\u00f3n personal que les transferimos solo para el prop\u00f3sito para el cual fue transferida y no la retengan por m\u00e1s tiempo del necesario para cumplir con dicho prop\u00f3sito. Tambi\u00e9n podemos divulgar tu informaci\u00f3n personal en los siguientes casos: (1) para cumplir con la ley aplicable, regulaciones, \u00f3rdenes judiciales u otros procesos legales; (2) para hacer cumplir nuestros acuerdos contigo, incluida esta Pol\u00edtica de Privacidad; o (3) para responder a reclamos de que tu uso del Servicio infringe los derechos de terceros. Si el Servicio o nuestra empresa se fusiona o es adquirida por otra empresa, tu informaci\u00f3n ser\u00e1 uno de los activos transferidos al nuevo propietario.<\/p>\n\t\t\t\t\t\t\t\t<\/div>\n\t\t\t\t<\/div>\n\t\t\t\t<div class=\"elementor-element elementor-element-e9ece0f elementor-widget elementor-widget-heading\" data-id=\"e9ece0f\" data-element_type=\"widget\" data-e-type=\"widget\" data-widget_type=\"heading.default\">\n\t\t\t\t<div class=\"elementor-widget-container\">\n\t\t\t\t\t<h3 class=\"elementor-heading-title elementor-size-default\">Tus derechos: <\/h3>\t\t\t\t<\/div>\n\t\t\t\t<\/div>\n\t\t\t\t<div class=\"elementor-element elementor-element-0aed36d elementor-widget elementor-widget-text-editor\" data-id=\"0aed36d\" data-element_type=\"widget\" data-e-type=\"widget\" data-widget_type=\"text-editor.default\">\n\t\t\t\t<div class=\"elementor-widget-container\">\n\t\t\t\t\t\t\t\t\t<p>Dependiendo de la ley aplicable, es posible que tengas el derecho de acceder, rectificar o eliminar tus datos personales, o recibir una copia de tus datos personales, limitar u oponerte al procesamiento activo de tus datos, solicitar que compartamos (traslademos) tus datos personales a otra entidad, retirar cualquier consentimiento que nos hayas otorgado para procesar tus datos, presentar una queja ante una autoridad reguladora y otros derechos que puedan ser relevantes bajo las leyes aplicables.<\/p>\n<p>Para ejercer estos derechos, puedes escribirnos a <a href=\"mailto:info@chabas.pt\" target=\"_blank\" rel=\"noopener\">info@chabas.pt<\/a>.<\/p>\n<p>Responderemos a tu solicitud de acuerdo con la ley aplicable. Puedes optar por no recibir comunicaciones de marketing directo o la elaboraci\u00f3n de perfiles que realizamos para fines de marketing escribi\u00e9ndonos a <a href=\"mailto:info@chabas.pt\" target=\"_blank\" rel=\"noopener\">info@chabas.pt<\/a>.<\/p>\n<p>Ten en cuenta que, si no nos permites recopilar o procesar la informaci\u00f3n personal necesaria, o retiras el consentimiento para procesarla con los fines necesarios, es posible que no puedas acceder o utilizar los servicios para los cuales se solicit\u00f3 tu informaci\u00f3n.<\/p>\n\t\t\t\t\t\t\t\t<\/div>\n\t\t\t\t<\/div>\n\t\t\t\t<div class=\"elementor-element elementor-element-b24e80a elementor-widget elementor-widget-heading\" data-id=\"b24e80a\" data-element_type=\"widget\" data-e-type=\"widget\" data-widget_type=\"heading.default\">\n\t\t\t\t<div class=\"elementor-widget-container\">\n\t\t\t\t\t<h3 class=\"elementor-heading-title elementor-size-default\">Cookies etc. <\/h3>\t\t\t\t<\/div>\n\t\t\t\t<\/div>\n\t\t\t\t<div class=\"elementor-element elementor-element-bd93ee0 elementor-widget elementor-widget-text-editor\" data-id=\"bd93ee0\" data-element_type=\"widget\" data-e-type=\"widget\" data-widget_type=\"text-editor.default\">\n\t\t\t\t<div class=\"elementor-widget-container\">\n\t\t\t\t\t\t\t\t\t<p>Para obtener m\u00e1s informaci\u00f3n sobre c\u00f3mo utilizamos estas tecnolog\u00edas y tus opciones con respecto a ellas, consulta nuestra Pol\u00edtica de Cookies. <\/p>\n\t\t\t\t\t\t\t\t<\/div>\n\t\t\t\t<\/div>\n\t\t\t\t<div class=\"elementor-element elementor-element-fd9dede elementor-widget elementor-widget-heading\" data-id=\"fd9dede\" data-element_type=\"widget\" data-e-type=\"widget\" data-widget_type=\"heading.default\">\n\t\t\t\t<div class=\"elementor-widget-container\">\n\t\t\t\t\t<h3 class=\"elementor-heading-title elementor-size-default\">Seguridad:<\/h3>\t\t\t\t<\/div>\n\t\t\t\t<\/div>\n\t\t\t\t<div class=\"elementor-element elementor-element-e67c2b4 elementor-widget elementor-widget-text-editor\" data-id=\"e67c2b4\" data-element_type=\"widget\" data-e-type=\"widget\" data-widget_type=\"text-editor.default\">\n\t\t\t\t<div class=\"elementor-widget-container\">\n\t\t\t\t\t\t\t\t\t<p><span style=\"font-weight: 400;\">La seguridad de tu informaci\u00f3n es importante para nosotros y utilizaremos medidas de seguridad razonables para prevenir la p\u00e9rdida, el uso indebido o la alteraci\u00f3n no autorizada de tu informaci\u00f3n bajo nuestro control. Sin embargo, debido a los riesgos inherentes, no podemos garantizar una seguridad absoluta y, por lo tanto, no podemos garantizar ni asegurar la seguridad de ninguna informaci\u00f3n que nos transmitas. Haces esto bajo tu propio riesgo. <\/span><\/p>\n\t\t\t\t\t\t\t\t<\/div>\n\t\t\t\t<\/div>\n\t\t\t\t<div class=\"elementor-element elementor-element-37ba5a5 elementor-widget elementor-widget-heading\" data-id=\"37ba5a5\" data-element_type=\"widget\" data-e-type=\"widget\" data-widget_type=\"heading.default\">\n\t\t\t\t<div class=\"elementor-widget-container\">\n\t\t\t\t\t<h3 class=\"elementor-heading-title elementor-size-default\">Reclamo\/oficial de protecci\u00f3n de datos: <\/h3>\t\t\t\t<\/div>\n\t\t\t\t<\/div>\n\t\t\t\t<div class=\"elementor-element elementor-element-0ed375b elementor-widget elementor-widget-text-editor\" data-id=\"0ed375b\" data-element_type=\"widget\" data-e-type=\"widget\" data-widget_type=\"text-editor.default\">\n\t\t\t\t<div class=\"elementor-widget-container\">\n\t\t\t\t\t\t\t\t\t<p>Si tienes alguna pregunta o preocupaci\u00f3n sobre el procesamiento de tu informaci\u00f3n que tenemos disponible, puedes enviar un correo electr\u00f3nico a nuestro Oficial de Reclamaciones en CHABAS UNIPESSOAL LDA, Rua dos Lus\u00edadas, Edif\u00edcio Alc\u00e2ntara Palace 9, email: info@chabas.pt. Abordaremos tus preocupaciones de acuerdo con la ley aplicable.<\/p>\n\t\t\t\t\t\t\t\t<\/div>\n\t\t\t\t<\/div>\n\t\t\t\t\t<\/div>\n\t\t<\/div>\n\t\t\t\t\t<\/div>\n\t\t<\/section>\n\t\t\t\t<\/div>\n\t\t","protected":false},"excerpt":{"rendered":"<p>Pol\u00edticas y Privacidad CHABAS &#8211; Innovando negocios con soluciones sostenibles y procesos inteligentes. Esta Pol\u00edtica de Privacidad describe las pol\u00edticas de CHABAS UNIPESSOAL LDA, con direcci\u00f3n en Rua dos Lus\u00edadas, Edif\u00edcio Alc\u00e2ntara Palace 9, Lisboa 1300-365, Portugal, correo electr\u00f3nico: info@chabas.pt, tel\u00e9fono: +351 21 1230263, sobre la recopilaci\u00f3n, uso y divulgaci\u00f3n de su informaci\u00f3n que recopilamos&#8230;<\/p>\n","protected":false},"author":2,"featured_media":0,"parent":0,"menu_order":0,"comment_status":"closed","ping_status":"closed","template":"","meta":{"footnotes":""},"class_list":["post-991333","page","type-page","status-publish","hentry"],"_links":{"self":[{"href":"https:\/\/chabas.pt\/es-co\/wp-json\/wp\/v2\/pages\/991333","targetHints":{"allow":["GET"]}}],"collection":[{"href":"https:\/\/chabas.pt\/es-co\/wp-json\/wp\/v2\/pages"}],"about":[{"href":"https:\/\/chabas.pt\/es-co\/wp-json\/wp\/v2\/types\/page"}],"author":[{"embeddable":true,"href":"https:\/\/chabas.pt\/es-co\/wp-json\/wp\/v2\/users\/2"}],"replies":[{"embeddable":true,"href":"https:\/\/chabas.pt\/es-co\/wp-json\/wp\/v2\/comments?post=991333"}],"version-history":[{"count":1,"href":"https:\/\/chabas.pt\/es-co\/wp-json\/wp\/v2\/pages\/991333\/revisions"}],"predecessor-version":[{"id":991334,"href":"https:\/\/chabas.pt\/es-co\/wp-json\/wp\/v2\/pages\/991333\/revisions\/991334"}],"wp:attachment":[{"href":"https:\/\/chabas.pt\/es-co\/wp-json\/wp\/v2\/media?parent=991333"}],"curies":[{"name":"wp","href":"https:\/\/api.w.org\/{rel}","templated":true}]}}