{"id":991398,"date":"2023-03-09T12:54:22","date_gmt":"2023-03-09T12:54:22","guid":{"rendered":"https:\/\/chabasgroup.com\/noticias\/"},"modified":"2024-09-13T14:42:49","modified_gmt":"2024-09-13T13:42:49","slug":"noticias","status":"publish","type":"page","link":"https:\/\/chabas.pt\/pt-br\/noticias\/","title":{"rendered":"Not\u00edcias"},"content":{"rendered":"\t\t<div data-elementor-type=\"wp-page\" data-elementor-id=\"991398\" class=\"elementor elementor-991398 elementor-93\" data-elementor-post-type=\"page\">\n\t\t\t\t\t\t<section class=\"elementor-section elementor-top-section elementor-element elementor-element-46b242f elementor-section-boxed elementor-section-height-default elementor-section-height-default\" data-id=\"46b242f\" data-element_type=\"section\" data-e-type=\"section\">\n\t\t\t\t\t\t<div class=\"elementor-container elementor-column-gap-default\">\n\t\t\t\t\t<div class=\"elementor-column elementor-col-100 elementor-top-column elementor-element elementor-element-d8eccda\" data-id=\"d8eccda\" data-element_type=\"column\" data-e-type=\"column\">\n\t\t\t<div class=\"elementor-widget-wrap elementor-element-populated\">\n\t\t\t\t\t\t<div class=\"elementor-element elementor-element-ed7d10e animated-slow elementor-invisible elementor-widget elementor-widget-heading\" data-id=\"ed7d10e\" data-element_type=\"widget\" data-e-type=\"widget\" data-settings=\"{&quot;_animation&quot;:&quot;fadeIn&quot;,&quot;_animation_tablet&quot;:&quot;none&quot;}\" data-widget_type=\"heading.default\">\n\t\t\t\t<div class=\"elementor-widget-container\">\n\t\t\t\t\t<h1 class=\"elementor-heading-title elementor-size-default\">Not\u00edcias<\/h1>\t\t\t\t<\/div>\n\t\t\t\t<\/div>\n\t\t\t\t<div class=\"elementor-element elementor-element-427fd90 animated-slow elementor-invisible elementor-widget elementor-widget-text-editor\" data-id=\"427fd90\" data-element_type=\"widget\" data-e-type=\"widget\" data-settings=\"{&quot;_animation&quot;:&quot;fadeIn&quot;,&quot;_animation_tablet&quot;:&quot;none&quot;,&quot;_animation_delay&quot;:300}\" data-widget_type=\"text-editor.default\">\n\t\t\t\t<div class=\"elementor-widget-container\">\n\t\t\t\t\t\t\t\t\t<p>Descubra o potencial transformador de um software de gest\u00e3o documental e workflows para qualquer neg\u00f3cio. Mergulhe em insights detalhados sobre como a transforma\u00e7\u00e3o digital pode revolucionar suas opera\u00e7\u00f5es. Saiba como uma <b>solu\u00e7\u00e3o de gest\u00e3o documental e fluxos de trabalho<\/b> garante precis\u00e3o incompar\u00e1vel, conformidade regulat\u00f3ria e seguran\u00e7a na gest\u00e3o de documentos.<\/p>\n<p>Explore possibilidades de integra\u00e7\u00e3o, testemunhe a automa\u00e7\u00e3o em a\u00e7\u00e3o e compreenda o papel crucial das <b>solu\u00e7\u00f5es de software personalizadas<\/b> em definir a trajet\u00f3ria de crescimento cont\u00ednuo do seu neg\u00f3cio.<br \/>Toda a informa\u00e7\u00e3o, insights e benef\u00edcios relacionados com gest\u00e3o documental e workflows centralizados num recurso abrangente.<\/p>\n\t\t\t\t\t\t\t\t<\/div>\n\t\t\t\t<\/div>\n\t\t\t\t<div class=\"elementor-element elementor-element-5940b8c elementor-widget elementor-widget-spacer\" data-id=\"5940b8c\" data-element_type=\"widget\" data-e-type=\"widget\" data-widget_type=\"spacer.default\">\n\t\t\t\t<div class=\"elementor-widget-container\">\n\t\t\t\t\t\t\t<div class=\"elementor-spacer\">\n\t\t\t<div class=\"elementor-spacer-inner\"><\/div>\n\t\t<\/div>\n\t\t\t\t\t\t<\/div>\n\t\t\t\t<\/div>\n\t\t\t\t\t<\/div>\n\t\t<\/div>\n\t\t\t\t\t<\/div>\n\t\t<\/section>\n\t\t\t\t<section class=\"elementor-section elementor-top-section elementor-element elementor-element-d88de12 elementor-hidden-mobile elementor-section-content-middle elementor-section-boxed elementor-section-height-default elementor-section-height-default\" data-id=\"d88de12\" data-element_type=\"section\" data-e-type=\"section\" data-settings=\"{&quot;background_background&quot;:&quot;classic&quot;}\">\n\t\t\t\t\t\t<div class=\"elementor-container elementor-column-gap-no\">\n\t\t\t\t\t<div class=\"elementor-column elementor-col-100 elementor-top-column elementor-element elementor-element-f1f3ce2\" data-id=\"f1f3ce2\" data-element_type=\"column\" data-e-type=\"column\" data-settings=\"{&quot;background_background&quot;:&quot;classic&quot;}\">\n\t\t\t<div class=\"elementor-widget-wrap elementor-element-populated\">\n\t\t\t\t\t\t<div class=\"elementor-element elementor-element-0bc3f04 elementor-widget elementor-widget-spacer\" data-id=\"0bc3f04\" data-element_type=\"widget\" data-e-type=\"widget\" data-widget_type=\"spacer.default\">\n\t\t\t\t<div class=\"elementor-widget-container\">\n\t\t\t\t\t\t\t<div class=\"elementor-spacer\">\n\t\t\t<div class=\"elementor-spacer-inner\"><\/div>\n\t\t<\/div>\n\t\t\t\t\t\t<\/div>\n\t\t\t\t<\/div>\n\t\t\t\t<div class=\"elementor-element elementor-element-ff8263f elementor-widget elementor-widget-spacer\" data-id=\"ff8263f\" data-element_type=\"widget\" data-e-type=\"widget\" data-widget_type=\"spacer.default\">\n\t\t\t\t<div class=\"elementor-widget-container\">\n\t\t\t\t\t\t\t<div class=\"elementor-spacer\">\n\t\t\t<div class=\"elementor-spacer-inner\"><\/div>\n\t\t<\/div>\n\t\t\t\t\t\t<\/div>\n\t\t\t\t<\/div>\n\t\t\t\t\t<\/div>\n\t\t<\/div>\n\t\t\t\t\t<\/div>\n\t\t<\/section>\n\t\t\t\t<section class=\"elementor-section elementor-top-section elementor-element elementor-element-72da99b elementor-hidden-desktop elementor-hidden-tablet elementor-section-boxed elementor-section-height-default elementor-section-height-default\" data-id=\"72da99b\" data-element_type=\"section\" data-e-type=\"section\">\n\t\t\t\t\t\t<div class=\"elementor-container elementor-column-gap-no\">\n\t\t\t\t\t<div class=\"elementor-column elementor-col-100 elementor-top-column elementor-element elementor-element-feb45fb\" data-id=\"feb45fb\" data-element_type=\"column\" data-e-type=\"column\">\n\t\t\t<div class=\"elementor-widget-wrap elementor-element-populated\">\n\t\t\t\t\t\t\t<\/div>\n\t\t<\/div>\n\t\t\t\t\t<\/div>\n\t\t<\/section>\n\t\t\t\t<section class=\"elementor-section elementor-top-section elementor-element elementor-element-7f91b39 elementor-section-boxed elementor-section-height-default elementor-section-height-default\" data-id=\"7f91b39\" data-element_type=\"section\" data-e-type=\"section\">\n\t\t\t\t\t\t<div class=\"elementor-container elementor-column-gap-no\">\n\t\t\t\t\t<div class=\"elementor-column elementor-col-100 elementor-top-column elementor-element elementor-element-a659707\" data-id=\"a659707\" data-element_type=\"column\" data-e-type=\"column\">\n\t\t\t<div class=\"elementor-widget-wrap elementor-element-populated\">\n\t\t\t\t\t\t\t<\/div>\n\t\t<\/div>\n\t\t\t\t\t<\/div>\n\t\t<\/section>\n\t\t\t\t<\/div>\n\t\t","protected":false},"excerpt":{"rendered":"<p>Not\u00edcias Descubra o potencial transformador de um software de gest\u00e3o documental e workflows para qualquer neg\u00f3cio. Mergulhe em insights detalhados sobre como a transforma\u00e7\u00e3o digital pode revolucionar suas opera\u00e7\u00f5es. Saiba como uma solu\u00e7\u00e3o de gest\u00e3o documental e fluxos de trabalho garante precis\u00e3o incompar\u00e1vel, conformidade regulat\u00f3ria e seguran\u00e7a na gest\u00e3o de documentos. Explore possibilidades de integra\u00e7\u00e3o,&#8230;<\/p>\n","protected":false},"author":2,"featured_media":0,"parent":0,"menu_order":0,"comment_status":"closed","ping_status":"closed","template":"","meta":{"footnotes":""},"class_list":["post-991398","page","type-page","status-publish","hentry"],"_links":{"self":[{"href":"https:\/\/chabas.pt\/pt-br\/wp-json\/wp\/v2\/pages\/991398","targetHints":{"allow":["GET"]}}],"collection":[{"href":"https:\/\/chabas.pt\/pt-br\/wp-json\/wp\/v2\/pages"}],"about":[{"href":"https:\/\/chabas.pt\/pt-br\/wp-json\/wp\/v2\/types\/page"}],"author":[{"embeddable":true,"href":"https:\/\/chabas.pt\/pt-br\/wp-json\/wp\/v2\/users\/2"}],"replies":[{"embeddable":true,"href":"https:\/\/chabas.pt\/pt-br\/wp-json\/wp\/v2\/comments?post=991398"}],"version-history":[{"count":10,"href":"https:\/\/chabas.pt\/pt-br\/wp-json\/wp\/v2\/pages\/991398\/revisions"}],"predecessor-version":[{"id":991516,"href":"https:\/\/chabas.pt\/pt-br\/wp-json\/wp\/v2\/pages\/991398\/revisions\/991516"}],"wp:attachment":[{"href":"https:\/\/chabas.pt\/pt-br\/wp-json\/wp\/v2\/media?parent=991398"}],"curies":[{"name":"wp","href":"https:\/\/api.w.org\/{rel}","templated":true}]}}